{"id":24656,"date":"2022-10-21T03:51:32","date_gmt":"2022-10-21T03:51:32","guid":{"rendered":"https:\/\/laserpucon.cl\/?post_type=product&#038;p=24656"},"modified":"2024-07-14T12:32:20","modified_gmt":"2024-07-14T12:32:20","slug":"llavero-1","status":"publish","type":"product","link":"https:\/\/laserpucon.cl\/index.php\/product\/llavero-1\/","title":{"rendered":"Llavero Grabado L\u00e1ser"},"content":{"rendered":"<p>Llaveros cortados y grabados con tecnolog\u00eda l\u00e1ser 7&#215;7 cms, personalizados con logo y texto.<\/p>\n","protected":false},"excerpt":{"rendered":"<p>Llaveros cortados y grabados con tecnolog\u00eda l\u00e1ser 7&#215;7 cms, personalizados con logo y texto.<\/p>\n","protected":false},"featured_media":72128,"comment_status":"open","ping_status":"closed","template":"","meta":{"_et_pb_use_builder":"","_et_pb_old_content":"","_et_gb_content_width":"","jetpack_publicize_message":"","jetpack_publicize_feature_enabled":true,"jetpack_social_post_already_shared":false,"jetpack_social_options":{"image_generator_settings":{"template":"highway","default_image_id":0,"font":"","enabled":false},"version":2}},"product_brand":[],"product_cat":[38],"product_tag":[],"class_list":{"0":"post-24656","1":"product","2":"type-product","3":"status-publish","4":"has-post-thumbnail","6":"product_cat-corporativos","8":"first","9":"instock","10":"shipping-taxable","11":"product-type-variable"},"jetpack_publicize_connections":[],"jetpack_sharing_enabled":true,"_links":{"self":[{"href":"https:\/\/laserpucon.cl\/index.php\/wp-json\/wp\/v2\/product\/24656","targetHints":{"allow":["GET"]}}],"collection":[{"href":"https:\/\/laserpucon.cl\/index.php\/wp-json\/wp\/v2\/product"}],"about":[{"href":"https:\/\/laserpucon.cl\/index.php\/wp-json\/wp\/v2\/types\/product"}],"replies":[{"embeddable":true,"href":"https:\/\/laserpucon.cl\/index.php\/wp-json\/wp\/v2\/comments?post=24656"}],"wp:featuredmedia":[{"embeddable":true,"href":"https:\/\/laserpucon.cl\/index.php\/wp-json\/wp\/v2\/media\/72128"}],"wp:attachment":[{"href":"https:\/\/laserpucon.cl\/index.php\/wp-json\/wp\/v2\/media?parent=24656"}],"wp:term":[{"taxonomy":"product_brand","embeddable":true,"href":"https:\/\/laserpucon.cl\/index.php\/wp-json\/wp\/v2\/product_brand?post=24656"},{"taxonomy":"product_cat","embeddable":true,"href":"https:\/\/laserpucon.cl\/index.php\/wp-json\/wp\/v2\/product_cat?post=24656"},{"taxonomy":"product_tag","embeddable":true,"href":"https:\/\/laserpucon.cl\/index.php\/wp-json\/wp\/v2\/product_tag?post=24656"}],"curies":[{"name":"wp","href":"https:\/\/api.w.org\/{rel}","templated":true}]}}