{"id":71846,"date":"2023-06-21T22:57:39","date_gmt":"2023-06-21T22:57:39","guid":{"rendered":"https:\/\/laserpucon.cl\/?post_type=product&#038;p=71846"},"modified":"2025-02-18T23:45:16","modified_gmt":"2025-02-18T23:45:16","slug":"cabezas-de-oveja","status":"publish","type":"product","link":"https:\/\/laserpucon.cl\/index.php\/product\/cabezas-de-oveja\/","title":{"rendered":"100 Cabezas de Oveja"},"content":{"rendered":"<p><label class=\"form-control-label\">Descripci\u00f3n<br \/><\/label>Pack 100 Cabezas de ovejas ideales para imanes y artesan\u00edas varias, en terciado o mdf de 3mm de grosor. 3&#215;2,5cm.<br \/>Env\u00edos por pagar Starken, Chilexpress, Cacem, Blue Express.<br \/>*** En algunas ocasiones, en productos peque\u00f1os es posible que reciba el producto sucio, solo debe limpiar con un pa\u00f1o h\u00famedo.<\/p>\n","protected":false},"excerpt":{"rendered":"<p><label class=\"form-control-label\">Descripci\u00f3n<br \/><\/label>Pack 100 Cabezas de ovejas ideales para imanes y artesan\u00edas varias, en terciado o mdf de 3mm de grosor<br \/>Env\u00edos por pagar<br \/>Starken, Chilexpress.<\/p>\n","protected":false},"featured_media":71847,"comment_status":"open","ping_status":"closed","template":"","meta":{"_et_pb_use_builder":"","_et_pb_old_content":"","_et_gb_content_width":"","jetpack_publicize_message":"","jetpack_publicize_feature_enabled":true,"jetpack_social_post_already_shared":false,"jetpack_social_options":{"image_generator_settings":{"template":"highway","default_image_id":0,"font":"","enabled":false},"version":2}},"product_brand":[],"product_cat":[58,57],"product_tag":[],"class_list":{"0":"post-71846","1":"product","2":"type-product","3":"status-publish","4":"has-post-thumbnail","6":"product_cat-animales","7":"product_cat-oveja","9":"first","10":"instock","11":"shipping-taxable","12":"product-type-simple"},"jetpack_publicize_connections":[],"jetpack_sharing_enabled":true,"_links":{"self":[{"href":"https:\/\/laserpucon.cl\/index.php\/wp-json\/wp\/v2\/product\/71846","targetHints":{"allow":["GET"]}}],"collection":[{"href":"https:\/\/laserpucon.cl\/index.php\/wp-json\/wp\/v2\/product"}],"about":[{"href":"https:\/\/laserpucon.cl\/index.php\/wp-json\/wp\/v2\/types\/product"}],"replies":[{"embeddable":true,"href":"https:\/\/laserpucon.cl\/index.php\/wp-json\/wp\/v2\/comments?post=71846"}],"wp:featuredmedia":[{"embeddable":true,"href":"https:\/\/laserpucon.cl\/index.php\/wp-json\/wp\/v2\/media\/71847"}],"wp:attachment":[{"href":"https:\/\/laserpucon.cl\/index.php\/wp-json\/wp\/v2\/media?parent=71846"}],"wp:term":[{"taxonomy":"product_brand","embeddable":true,"href":"https:\/\/laserpucon.cl\/index.php\/wp-json\/wp\/v2\/product_brand?post=71846"},{"taxonomy":"product_cat","embeddable":true,"href":"https:\/\/laserpucon.cl\/index.php\/wp-json\/wp\/v2\/product_cat?post=71846"},{"taxonomy":"product_tag","embeddable":true,"href":"https:\/\/laserpucon.cl\/index.php\/wp-json\/wp\/v2\/product_tag?post=71846"}],"curies":[{"name":"wp","href":"https:\/\/api.w.org\/{rel}","templated":true}]}}