{"id":71854,"date":"2023-06-22T18:53:07","date_gmt":"2023-06-22T18:53:07","guid":{"rendered":"https:\/\/laserpucon.cl\/?post_type=product&#038;p=71854"},"modified":"2025-02-18T23:45:01","modified_gmt":"2025-02-18T23:45:01","slug":"30-etiquetas-madera-redondas","status":"publish","type":"product","link":"https:\/\/laserpucon.cl\/index.php\/product\/30-etiquetas-madera-redondas\/","title":{"rendered":"30 Etiquetas Madera Ovalada"},"content":{"rendered":"<div class=\"wt-mb-xs-3\">\n<p class=\"wt-text-caption wt-mb-xs-1 wt-text-gray\" align=\"left\"><strong data-spm-anchor-id=\"a2g0o.detail.1000023.i2.74096de1B5or8S\">Material: <\/strong>Madera<\/p>\n<\/div>\n<div class=\"wt-mb-xs-3\">\n<p class=\"wt-text-caption wt-mb-xs-1 wt-text-gray\" align=\"left\"><strong>Dimensiones<br \/>\n<\/strong>Forma y tama\u00f1o: 30mm x 22mm ovalado<br \/>\n*<strong>No dude en preguntar por cualquier tama\u00f1o o cantidad personalizada diferente a la indicada.<br \/>\n<\/strong>*<strong>Tu pedido estar\u00e1 listo para su env\u00edo en 2-3 d\u00edas.<br \/>\n<\/strong><strong>* Si le preocupa la calidad de los productos, le mostraremos la muestra para verificar a<\/strong><strong>ntes de hacer<\/strong><\/p>\n<\/div>\n<p class=\"wt-text-caption wt-mb-xs-1 wt-text-gray\" align=\"left\"><strong>Descripci\u00f3n<br \/>\n<\/strong>Etiqueta de tejer personalizada, Etiquetas de productos, Etiquetas de costura, Etiquetas de marca hechas a mano, Etiquetas personalizadas, Etiquetas de tejer personalizadas, Etiquetas de tejer, Logotipo de tejer personalizado, Etiqueta personalizada, Etiquetas cortadas con l\u00e1ser, Etiquetas de ganchillo, etiquetas plegables, etiquetas de madera, etiquetas de logotipo de marca, etiquetas personalizadas, etiquetas de madera personalizadas para tejer, Personalizar etiquetas y etiquetas grabadas en madera en blanco, etiquetas de sombrero de ropa hechas a mano, etiquetas hechas a mano de madera con logotipo de texto<\/p>\n<ul>\n<li>Lleve sus productos al siguiente nivel con estas etiquetas de dise\u00f1o personalizado.<\/li>\n<li>Fant\u00e1stico para ayudar a promocionar su empresa o mejorar su l\u00ednea de productos.<\/li>\n<li>Personalice con cualquier texto que desee.<\/li>\n<li>Grabamos y cortamos con l\u00e1ser todos nuestros productos utilizando el mejor grabado l\u00e1ser de la industria.<\/li>\n<\/ul>\n<p>Env\u00edos por pagar Starken, Chilexpress, Cac\u00e9m.<\/p>\n","protected":false},"excerpt":{"rendered":"<p>Etiquetas de madera personalizadas con logotipo de marca, etiquetas hechas a mano para ropa, tejido, costura, ganchillo, accesorios de bricolaje, 30 unidades<\/p>\n","protected":false},"featured_media":71855,"comment_status":"open","ping_status":"closed","template":"","meta":{"_et_pb_use_builder":"","_et_pb_old_content":"","_et_gb_content_width":"","jetpack_publicize_message":"","jetpack_publicize_feature_enabled":true,"jetpack_social_post_already_shared":false,"jetpack_social_options":{"image_generator_settings":{"template":"highway","default_image_id":0,"font":"","enabled":false},"version":2}},"product_brand":[],"product_cat":[56,59],"product_tag":[],"class_list":{"0":"post-71854","1":"product","2":"type-product","3":"status-publish","4":"has-post-thumbnail","6":"product_cat-banner","7":"product_cat-etiqueta","9":"first","10":"instock","11":"shipping-taxable","12":"product-type-simple"},"jetpack_publicize_connections":[],"jetpack_sharing_enabled":true,"_links":{"self":[{"href":"https:\/\/laserpucon.cl\/index.php\/wp-json\/wp\/v2\/product\/71854","targetHints":{"allow":["GET"]}}],"collection":[{"href":"https:\/\/laserpucon.cl\/index.php\/wp-json\/wp\/v2\/product"}],"about":[{"href":"https:\/\/laserpucon.cl\/index.php\/wp-json\/wp\/v2\/types\/product"}],"replies":[{"embeddable":true,"href":"https:\/\/laserpucon.cl\/index.php\/wp-json\/wp\/v2\/comments?post=71854"}],"wp:featuredmedia":[{"embeddable":true,"href":"https:\/\/laserpucon.cl\/index.php\/wp-json\/wp\/v2\/media\/71855"}],"wp:attachment":[{"href":"https:\/\/laserpucon.cl\/index.php\/wp-json\/wp\/v2\/media?parent=71854"}],"wp:term":[{"taxonomy":"product_brand","embeddable":true,"href":"https:\/\/laserpucon.cl\/index.php\/wp-json\/wp\/v2\/product_brand?post=71854"},{"taxonomy":"product_cat","embeddable":true,"href":"https:\/\/laserpucon.cl\/index.php\/wp-json\/wp\/v2\/product_cat?post=71854"},{"taxonomy":"product_tag","embeddable":true,"href":"https:\/\/laserpucon.cl\/index.php\/wp-json\/wp\/v2\/product_tag?post=71854"}],"curies":[{"name":"wp","href":"https:\/\/api.w.org\/{rel}","templated":true}]}}