{"id":72020,"date":"2024-05-17T15:56:37","date_gmt":"2024-05-17T15:56:37","guid":{"rendered":"https:\/\/laserpucon.cl\/?post_type=product&#038;p=72020"},"modified":"2025-02-18T23:44:15","modified_gmt":"2025-02-18T23:44:15","slug":"letras-mdf-18-cm","status":"publish","type":"product","link":"https:\/\/laserpucon.cl\/index.php\/product\/letras-mdf-18-cm\/","title":{"rendered":"Letras Mdf 18 cm x 3mm"},"content":{"rendered":"<p>Letra cortada con tecnolog\u00eda l\u00e1ser, tama\u00f1o 20&#215;15 cm x 3mm, Natural. Mdf<\/p>\n","protected":false},"excerpt":{"rendered":"<p>Letra cortada con tecnolog\u00eda l\u00e1ser, tama\u00f1o 19&#215;14 cm x 3mm, Natural. Mdf<\/p>\n","protected":false},"featured_media":72111,"comment_status":"open","ping_status":"closed","template":"","meta":{"_et_pb_use_builder":"","_et_pb_old_content":"","_et_gb_content_width":"","jetpack_publicize_message":"","jetpack_publicize_feature_enabled":true,"jetpack_social_post_already_shared":false,"jetpack_social_options":{"image_generator_settings":{"template":"highway","default_image_id":0,"font":"","enabled":false},"version":2}},"product_brand":[],"product_cat":[62],"product_tag":[71,72,63,73],"class_list":{"0":"post-72020","1":"product","2":"type-product","3":"status-publish","4":"has-post-thumbnail","6":"product_cat-letras","7":"product_tag-corte","8":"product_tag-corte-laser","9":"product_tag-letras","10":"product_tag-mdf","12":"first","13":"instock","14":"shipping-taxable","15":"product-type-simple"},"jetpack_publicize_connections":[],"jetpack_sharing_enabled":true,"_links":{"self":[{"href":"https:\/\/laserpucon.cl\/index.php\/wp-json\/wp\/v2\/product\/72020","targetHints":{"allow":["GET"]}}],"collection":[{"href":"https:\/\/laserpucon.cl\/index.php\/wp-json\/wp\/v2\/product"}],"about":[{"href":"https:\/\/laserpucon.cl\/index.php\/wp-json\/wp\/v2\/types\/product"}],"replies":[{"embeddable":true,"href":"https:\/\/laserpucon.cl\/index.php\/wp-json\/wp\/v2\/comments?post=72020"}],"wp:featuredmedia":[{"embeddable":true,"href":"https:\/\/laserpucon.cl\/index.php\/wp-json\/wp\/v2\/media\/72111"}],"wp:attachment":[{"href":"https:\/\/laserpucon.cl\/index.php\/wp-json\/wp\/v2\/media?parent=72020"}],"wp:term":[{"taxonomy":"product_brand","embeddable":true,"href":"https:\/\/laserpucon.cl\/index.php\/wp-json\/wp\/v2\/product_brand?post=72020"},{"taxonomy":"product_cat","embeddable":true,"href":"https:\/\/laserpucon.cl\/index.php\/wp-json\/wp\/v2\/product_cat?post=72020"},{"taxonomy":"product_tag","embeddable":true,"href":"https:\/\/laserpucon.cl\/index.php\/wp-json\/wp\/v2\/product_tag?post=72020"}],"curies":[{"name":"wp","href":"https:\/\/api.w.org\/{rel}","templated":true}]}}