{"id":72158,"date":"2024-07-22T01:34:01","date_gmt":"2024-07-22T01:34:01","guid":{"rendered":"https:\/\/laserpucon.cl\/?post_type=product&#038;p=72158"},"modified":"2025-02-18T23:42:59","modified_gmt":"2025-02-18T23:42:59","slug":"hdaksjd","status":"publish","type":"product","link":"https:\/\/laserpucon.cl\/index.php\/product\/hdaksjd\/","title":{"rendered":"Display Gorras"},"content":{"rendered":"<h1 class=\"a-size-base-plus a-text-bold\">Sobre este Producto Regalo Corporativo<\/h1>\n<ul class=\"a-unordered-list a-vertical a-spacing-mini\">\n<li class=\"a-spacing-mini\"><span class=\"a-list-item\">Almacena y muestra las gorras favoritas con este estante de madera montados en la pared en madera nativa y ranuras para 6, 8\u00a0 gorras cada una.<\/span><\/li>\n<li class=\"a-spacing-mini\"><span class=\"a-list-item\">Dise\u00f1o \u00fanico que sostiene las tapas con paneles frontales hacia adelante y espaciados para una f\u00e1cil visualizaci\u00f3n<\/span><\/li>\n<li class=\"a-spacing-mini\"><span class=\"a-list-item\"> Incluye grabado l\u00e1ser de logotipo o mensaje personalizado.<\/span><\/li>\n<li class=\"a-spacing-mini\"><span class=\"a-list-item\">Los soportes permiten una instalaci\u00f3n f\u00e1cil y limpia en la mayor\u00eda de tipos de pared.<\/span><\/li>\n<li class=\"a-spacing-mini\"><span class=\"a-list-item\">Dimensiones aproximadas:<\/span><\/li>\n<\/ul>\n","protected":false},"excerpt":{"rendered":"<h1 class=\"a-size-base-plus a-text-bold\"><span style=\"vertical-align: inherit;\"><span style=\"vertical-align: inherit;\">Sobre este Producto Regalo Corporativo<\/span><\/span><\/h1>\n<ul class=\"a-unordered-list a-vertical a-spacing-mini\">\n<li class=\"a-spacing-mini\"><span class=\"a-list-item\"><span style=\"vertical-align: inherit;\"><span style=\"vertical-align: inherit;\">Almacena y muestra las gorras favoritas con este estante de madera montados en la pared en madera nativa y ranuras para 6, 8\u00a0 gorras cada una.<\/span><\/span><\/span><\/li>\n<li class=\"a-spacing-mini\"><span class=\"a-list-item\"><span style=\"vertical-align: inherit;\"><span style=\"vertical-align: inherit;\">Dise\u00f1o \u00fanico que sostiene las tapas con paneles frontales hacia adelante y espaciados para una f\u00e1cil visualizaci\u00f3n<\/span><\/span><\/span><\/li>\n<li class=\"a-spacing-mini\"><span class=\"a-list-item\"><span style=\"vertical-align: inherit;\"><span style=\"vertical-align: inherit;\">Incluye grabado l\u00e1ser de logotipo o mensaje personalizado.<\/span><\/span><\/span><\/li>\n<li class=\"a-spacing-mini\"><span class=\"a-list-item\"><span style=\"vertical-align: inherit;\"><span style=\"vertical-align: inherit;\">Los soportes permiten una instalaci\u00f3n f\u00e1cil y limpia en la mayor\u00eda de tipos de pared.<\/span><\/span><\/span><\/li>\n<li class=\"a-spacing-mini\"><span class=\"a-list-item\"><span style=\"vertical-align: inherit;\"><span style=\"vertical-align: inherit;\">Dimensiones aproximadas:<\/span><\/span><\/span><\/li>\n<\/ul>\n","protected":false},"featured_media":71876,"comment_status":"closed","ping_status":"closed","template":"","meta":{"_et_pb_use_builder":"","_et_pb_old_content":"","_et_gb_content_width":"","jetpack_publicize_message":"","jetpack_publicize_feature_enabled":true,"jetpack_social_post_already_shared":true,"jetpack_social_options":{"image_generator_settings":{"template":"highway","default_image_id":0,"font":"","enabled":false},"version":2}},"product_brand":[],"product_cat":[40,74,64],"product_tag":[],"class_list":{"0":"post-72158","1":"product","2":"type-product","3":"status-publish","4":"has-post-thumbnail","6":"product_cat-decoracion","7":"product_cat-dia-del-padre","8":"product_cat-regalos-corporativos","10":"first","11":"instock","12":"featured","13":"shipping-taxable","14":"product-type-simple"},"jetpack_publicize_connections":[],"jetpack_sharing_enabled":true,"_links":{"self":[{"href":"https:\/\/laserpucon.cl\/index.php\/wp-json\/wp\/v2\/product\/72158","targetHints":{"allow":["GET"]}}],"collection":[{"href":"https:\/\/laserpucon.cl\/index.php\/wp-json\/wp\/v2\/product"}],"about":[{"href":"https:\/\/laserpucon.cl\/index.php\/wp-json\/wp\/v2\/types\/product"}],"replies":[{"embeddable":true,"href":"https:\/\/laserpucon.cl\/index.php\/wp-json\/wp\/v2\/comments?post=72158"}],"wp:featuredmedia":[{"embeddable":true,"href":"https:\/\/laserpucon.cl\/index.php\/wp-json\/wp\/v2\/media\/71876"}],"wp:attachment":[{"href":"https:\/\/laserpucon.cl\/index.php\/wp-json\/wp\/v2\/media?parent=72158"}],"wp:term":[{"taxonomy":"product_brand","embeddable":true,"href":"https:\/\/laserpucon.cl\/index.php\/wp-json\/wp\/v2\/product_brand?post=72158"},{"taxonomy":"product_cat","embeddable":true,"href":"https:\/\/laserpucon.cl\/index.php\/wp-json\/wp\/v2\/product_cat?post=72158"},{"taxonomy":"product_tag","embeddable":true,"href":"https:\/\/laserpucon.cl\/index.php\/wp-json\/wp\/v2\/product_tag?post=72158"}],"curies":[{"name":"wp","href":"https:\/\/api.w.org\/{rel}","templated":true}]}}